{"id":1208,"date":"2025-03-10T09:18:57","date_gmt":"2025-03-10T09:18:57","guid":{"rendered":"https:\/\/new.nnvo.nl\/winkelwagen\/"},"modified":"2025-11-19T11:36:47","modified_gmt":"2025-11-19T10:36:47","slug":"winkelwagen","status":"publish","type":"page","link":"https:\/\/nnvo.nl\/en\/winkelwagen\/","title":{"rendered":"Winkelwagen"},"content":{"rendered":"<div data-elementor-type=\"wp-page\" data-elementor-id=\"1208\" class=\"elementor elementor-1208\" data-elementor-post-type=\"page\">\n\t\t\t\t<div class=\"elementor-element elementor-element-6a8a799 e-con-full e-flex e-con e-parent\" data-id=\"6a8a799\" data-element_type=\"container\" data-e-type=\"container\">\n\t\t\t\t<div class=\"elementor-element elementor-element-41bc8ab elementor-widget elementor-widget-image\" data-id=\"41bc8ab\" data-element_type=\"widget\" data-e-type=\"widget\" data-widget_type=\"image.default\">\n\t\t\t\t<div class=\"elementor-widget-container\">\n\t\t\t\t\t\t\t\t\t\t\t\t\t\t\t<img fetchpriority=\"high\" decoding=\"async\" width=\"2426\" height=\"542\" src=\"https:\/\/nnvo.nl\/wp-content\/uploads\/2025\/02\/nl-header-2.png\" class=\"attachment-full size-full wp-image-115\" alt=\"\" srcset=\"https:\/\/nnvo.nl\/wp-content\/uploads\/2025\/02\/nl-header-2.png 2426w, https:\/\/nnvo.nl\/wp-content\/uploads\/2025\/02\/nl-header-2-600x134.png 600w, https:\/\/nnvo.nl\/wp-content\/uploads\/2025\/02\/nl-header-2-300x67.png 300w, https:\/\/nnvo.nl\/wp-content\/uploads\/2025\/02\/nl-header-2-1024x229.png 1024w, https:\/\/nnvo.nl\/wp-content\/uploads\/2025\/02\/nl-header-2-768x172.png 768w, https:\/\/nnvo.nl\/wp-content\/uploads\/2025\/02\/nl-header-2-1536x343.png 1536w, https:\/\/nnvo.nl\/wp-content\/uploads\/2025\/02\/nl-header-2-2048x458.png 2048w\" sizes=\"(max-width: 2426px) 100vw, 2426px\" \/>\t\t\t\t\t\t\t\t\t\t\t\t\t\t\t<\/div>\n\t\t\t\t<\/div>\n\t\t\t\t<\/div>\n\t\t<div class=\"elementor-element elementor-element-30f1c9f5 e-flex e-con-boxed e-con e-parent\" data-id=\"30f1c9f5\" data-element_type=\"container\" data-e-type=\"container\">\n\t\t\t\t\t<div class=\"e-con-inner\">\n\t\t\t\t<div class=\"elementor-element elementor-element-0218971 elementor-widget elementor-widget-heading\" data-id=\"0218971\" data-element_type=\"widget\" data-e-type=\"widget\" data-widget_type=\"heading.default\">\n\t\t\t\t<div class=\"elementor-widget-container\">\n\t\t\t\t\t<h1 class=\"elementor-heading-title elementor-size-default\">Afrekenen<\/h1>\t\t\t\t<\/div>\n\t\t\t\t<\/div>\n\t\t\t\t<div class=\"elementor-element elementor-element-bf0eb6d e-checkout-layout-two-column elementor-widget elementor-widget-woocommerce-checkout-page\" data-id=\"bf0eb6d\" data-element_type=\"widget\" data-e-type=\"widget\" data-widget_type=\"woocommerce-checkout-page.default\">\n\t\t\t\t<div class=\"elementor-widget-container\">\n\t\t\t\t\t<div class=\"woocommerce\"><\/div>\t\t\t\t<\/div>\n\t\t\t\t<\/div>\n\t\t\t\t\t<\/div>\n\t\t\t\t<\/div>\n\t\t\t\t<\/div>","protected":false},"excerpt":{"rendered":"<p>Afrekenen Factureringsgegevens Voornaam&nbsp;* Achternaam&nbsp;* Land\/regio&nbsp;*Selecteer een land\/regio&hellip;AfghanistanAland eilandenAlbani\u00ebAlgerijeAmerikaans-SamoaAndorraAngolaAnguillaAntarcticaAntigua en BarbudaArgentini\u00ebArmeni\u00ebArubaAustrali\u00ebAzerbeidzjanBahamasBahreinBangladeshBarbadosBelauBelgi\u00ebBelizeBeninBermudaBhutanBoeroendiBoliviaBonaire, Sint Eustatius en SabaBosni\u00eb en HerzegovinaBotswanaBouvetBrazili\u00ebBrits Indische OceaanterritoriumBruneiBulgarijeBurkina FasoCambodjaCanadaCentraal-Afrikaanse RepubliekChiliChinaChristmaseilandCocoseilandenColombiaComorenCongo-BrazzavilleCongo-KinshasaCookeilandenCosta RicaCubaCura\u00e7aoCyprusDenemarkenDjiboutiDominicaDominicaanse RepubliekDuitslandEcuadorEgypteEl SalvadorEquatoriaal-GuineaEritreaEstlandEswatiniEthiopi\u00ebFaer\u00f6erFalklandeilandenFijiFilippijnenFinlandFrankrijkFrans-GuyanaFrans-Polynesi\u00ebFranse Zuidelijke GebiedenGabonGambiaGeorgi\u00ebGhanaGibraltarGrenadaGriekenlandGroenlandGuadeloupeGuamGuatemalaGuernseyGuineaGuinee-BissauGuyanaHa\u00eftiHeard en McDonaldeilandenHondurasHongarijeHongkongIerlandIJslandIndiaIndonesi\u00ebIrakIranIsle of ManIsra\u00eblItali\u00ebIvoorkustJamaicaJapanJerseyJordani\u00ebKaaimaneilandenKaapverdi\u00ebKameroenKatarKazachstanKeniaKirgizi\u00ebKiribatiKoeweitKosovoKroati\u00ebLaosLesothoLetlandLibanonLiberiaLibi\u00ebLiechtensteinLitouwenLuxemburgMaagdeneilanden (Verenigd Koninkrijk)Maagdeneilanden (VS)MacaoMadagascarMalawiMaledivenMaleisi\u00ebMaliMaltaMarokkoMarshalleilandenMartiniqueMauritani\u00ebMauritiusMayotteMexicoMicronesi\u00ebMoldavi\u00ebMonacoMongoli\u00ebMontenegroMontserratMozambiqueMyanmarNamibi\u00ebNauruNederlandNepalNicaraguaNieuw-Caledoni\u00ebNieuw-ZeelandNigerNigeriaNiueNoord Macedoni\u00ebNoord-KoreaNoordelijke MarianenNoorwegenNorfolk IslandOegandaOekra\u00efneOezbekistanOmanOost-TimorOostenrijkPakistanPalestijnse GebiedenPanamaPapoea-Nieuw-GuineaParaguayPeruPitcairnPolenPortugalPuerto RicoR\u00e9unionRoemeni\u00ebRuslandRwandaSaint Kitts en NevisSaint LuciaSaint Vincent en de GrenadinesSaint-Pierre en MiquelonSalomonseilandenSamoaSan MarinoSao Tom&eacute; en PrincipeSaudi-Arabi\u00ebSenegalServi\u00ebSeychellenSierra LeoneSingaporeSint MaartenSint-BartholomeusSint-HelenaSint-Maarten (Frans deel)Sloveni\u00ebSlowakijeSoedanSomali\u00ebSpanjeSpitsbergen [&hellip;]<\/p>\n","protected":false},"author":1,"featured_media":0,"parent":0,"menu_order":0,"comment_status":"closed","ping_status":"closed","template":"","meta":{"_acf_changed":false,"footnotes":""},"class_list":["post-1208","page","type-page","status-publish","hentry"],"acf":[],"yoast_head":"<!-- This site is optimized with the Yoast SEO plugin v27.4 - https:\/\/yoast.com\/product\/yoast-seo-wordpress\/ -->\n<title>Winkelwagen - NNVO<\/title>\n<meta name=\"robots\" content=\"index, follow, max-snippet:-1, max-image-preview:large, max-video-preview:-1\" \/>\n<link rel=\"canonical\" href=\"https:\/\/nnvo.nl\/en\/winkelwagen\/\" \/>\n<meta property=\"og:locale\" content=\"en_GB\" \/>\n<meta property=\"og:type\" content=\"article\" \/>\n<meta property=\"og:title\" content=\"Winkelwagen - NNVO\" \/>\n<meta property=\"og:description\" content=\"Afrekenen Factureringsgegevens Voornaam&nbsp;* Achternaam&nbsp;* Land\/regio&nbsp;*Selecteer een land\/regio&hellip;AfghanistanAland eilandenAlbani\u00ebAlgerijeAmerikaans-SamoaAndorraAngolaAnguillaAntarcticaAntigua en BarbudaArgentini\u00ebArmeni\u00ebArubaAustrali\u00ebAzerbeidzjanBahamasBahreinBangladeshBarbadosBelauBelgi\u00ebBelizeBeninBermudaBhutanBoeroendiBoliviaBonaire, Sint Eustatius en SabaBosni\u00eb en HerzegovinaBotswanaBouvetBrazili\u00ebBrits Indische OceaanterritoriumBruneiBulgarijeBurkina FasoCambodjaCanadaCentraal-Afrikaanse RepubliekChiliChinaChristmaseilandCocoseilandenColombiaComorenCongo-BrazzavilleCongo-KinshasaCookeilandenCosta RicaCubaCura\u00e7aoCyprusDenemarkenDjiboutiDominicaDominicaanse RepubliekDuitslandEcuadorEgypteEl SalvadorEquatoriaal-GuineaEritreaEstlandEswatiniEthiopi\u00ebFaer\u00f6erFalklandeilandenFijiFilippijnenFinlandFrankrijkFrans-GuyanaFrans-Polynesi\u00ebFranse Zuidelijke GebiedenGabonGambiaGeorgi\u00ebGhanaGibraltarGrenadaGriekenlandGroenlandGuadeloupeGuamGuatemalaGuernseyGuineaGuinee-BissauGuyanaHa\u00eftiHeard en McDonaldeilandenHondurasHongarijeHongkongIerlandIJslandIndiaIndonesi\u00ebIrakIranIsle of ManIsra\u00eblItali\u00ebIvoorkustJamaicaJapanJerseyJordani\u00ebKaaimaneilandenKaapverdi\u00ebKameroenKatarKazachstanKeniaKirgizi\u00ebKiribatiKoeweitKosovoKroati\u00ebLaosLesothoLetlandLibanonLiberiaLibi\u00ebLiechtensteinLitouwenLuxemburgMaagdeneilanden (Verenigd Koninkrijk)Maagdeneilanden (VS)MacaoMadagascarMalawiMaledivenMaleisi\u00ebMaliMaltaMarokkoMarshalleilandenMartiniqueMauritani\u00ebMauritiusMayotteMexicoMicronesi\u00ebMoldavi\u00ebMonacoMongoli\u00ebMontenegroMontserratMozambiqueMyanmarNamibi\u00ebNauruNederlandNepalNicaraguaNieuw-Caledoni\u00ebNieuw-ZeelandNigerNigeriaNiueNoord Macedoni\u00ebNoord-KoreaNoordelijke MarianenNoorwegenNorfolk IslandOegandaOekra\u00efneOezbekistanOmanOost-TimorOostenrijkPakistanPalestijnse GebiedenPanamaPapoea-Nieuw-GuineaParaguayPeruPitcairnPolenPortugalPuerto RicoR\u00e9unionRoemeni\u00ebRuslandRwandaSaint Kitts en NevisSaint LuciaSaint Vincent en de GrenadinesSaint-Pierre en MiquelonSalomonseilandenSamoaSan MarinoSao Tom&eacute; en PrincipeSaudi-Arabi\u00ebSenegalServi\u00ebSeychellenSierra LeoneSingaporeSint MaartenSint-BartholomeusSint-HelenaSint-Maarten (Frans deel)Sloveni\u00ebSlowakijeSoedanSomali\u00ebSpanjeSpitsbergen [&hellip;]\" \/>\n<meta property=\"og:url\" content=\"https:\/\/nnvo.nl\/en\/winkelwagen\/\" \/>\n<meta property=\"og:site_name\" content=\"NNVO\" \/>\n<meta property=\"article:modified_time\" content=\"2025-11-19T10:36:47+00:00\" \/>\n<meta property=\"og:image\" content=\"https:\/\/nnvo.nl\/wp-content\/uploads\/2025\/02\/nl-header-2.png\" \/>\n\t<meta property=\"og:image:width\" content=\"2426\" \/>\n\t<meta property=\"og:image:height\" content=\"542\" \/>\n\t<meta property=\"og:image:type\" content=\"image\/png\" \/>\n<meta name=\"twitter:card\" content=\"summary_large_image\" \/>\n<meta name=\"twitter:label1\" content=\"Estimated reading time\" \/>\n\t<meta name=\"twitter:data1\" content=\"1 minute\" \/>\n<script type=\"application\/ld+json\" class=\"yoast-schema-graph\">{\"@context\":\"https:\\\/\\\/schema.org\",\"@graph\":[{\"@type\":\"WebPage\",\"@id\":\"https:\\\/\\\/nnvo.nl\\\/winkelwagen\\\/\",\"url\":\"https:\\\/\\\/nnvo.nl\\\/winkelwagen\\\/\",\"name\":\"Winkelwagen - NNVO\",\"isPartOf\":{\"@id\":\"https:\\\/\\\/nnvo.nl\\\/#website\"},\"primaryImageOfPage\":{\"@id\":\"https:\\\/\\\/nnvo.nl\\\/winkelwagen\\\/#primaryimage\"},\"image\":{\"@id\":\"https:\\\/\\\/nnvo.nl\\\/winkelwagen\\\/#primaryimage\"},\"thumbnailUrl\":\"https:\\\/\\\/nnvo.nl\\\/wp-content\\\/uploads\\\/2025\\\/02\\\/nl-header-2.png\",\"datePublished\":\"2025-03-10T09:18:57+00:00\",\"dateModified\":\"2025-11-19T10:36:47+00:00\",\"breadcrumb\":{\"@id\":\"https:\\\/\\\/nnvo.nl\\\/winkelwagen\\\/#breadcrumb\"},\"inLanguage\":\"en-GB\",\"potentialAction\":[{\"@type\":\"ReadAction\",\"target\":[\"https:\\\/\\\/nnvo.nl\\\/winkelwagen\\\/\"]}]},{\"@type\":\"ImageObject\",\"inLanguage\":\"en-GB\",\"@id\":\"https:\\\/\\\/nnvo.nl\\\/winkelwagen\\\/#primaryimage\",\"url\":\"https:\\\/\\\/nnvo.nl\\\/wp-content\\\/uploads\\\/2025\\\/02\\\/nl-header-2.png\",\"contentUrl\":\"https:\\\/\\\/nnvo.nl\\\/wp-content\\\/uploads\\\/2025\\\/02\\\/nl-header-2.png\"},{\"@type\":\"BreadcrumbList\",\"@id\":\"https:\\\/\\\/nnvo.nl\\\/winkelwagen\\\/#breadcrumb\",\"itemListElement\":[{\"@type\":\"ListItem\",\"position\":1,\"name\":\"Home\",\"item\":\"https:\\\/\\\/nnvo.nl\\\/\"},{\"@type\":\"ListItem\",\"position\":2,\"name\":\"Winkelwagen\"}]},{\"@type\":\"WebSite\",\"@id\":\"https:\\\/\\\/nnvo.nl\\\/#website\",\"url\":\"https:\\\/\\\/nnvo.nl\\\/\",\"name\":\"NNVO\",\"description\":\"H\u00e9t opleidingscentrum voor de nautische sector.\",\"publisher\":{\"@id\":\"https:\\\/\\\/nnvo.nl\\\/#organization\"},\"potentialAction\":[{\"@type\":\"SearchAction\",\"target\":{\"@type\":\"EntryPoint\",\"urlTemplate\":\"https:\\\/\\\/nnvo.nl\\\/?s={search_term_string}\"},\"query-input\":{\"@type\":\"PropertyValueSpecification\",\"valueRequired\":true,\"valueName\":\"search_term_string\"}}],\"inLanguage\":\"en-GB\"},{\"@type\":\"Organization\",\"@id\":\"https:\\\/\\\/nnvo.nl\\\/#organization\",\"name\":\"NNVO\",\"url\":\"https:\\\/\\\/nnvo.nl\\\/\",\"logo\":{\"@type\":\"ImageObject\",\"inLanguage\":\"en-GB\",\"@id\":\"https:\\\/\\\/nnvo.nl\\\/#\\\/schema\\\/logo\\\/image\\\/\",\"url\":\"https:\\\/\\\/nnvo.nl\\\/wp-content\\\/uploads\\\/2025\\\/03\\\/nnvo-logo-small.png\",\"contentUrl\":\"https:\\\/\\\/nnvo.nl\\\/wp-content\\\/uploads\\\/2025\\\/03\\\/nnvo-logo-small.png\",\"width\":206,\"height\":73,\"caption\":\"NNVO\"},\"image\":{\"@id\":\"https:\\\/\\\/nnvo.nl\\\/#\\\/schema\\\/logo\\\/image\\\/\"},\"sameAs\":[\"https:\\\/\\\/www.linkedin.com\\\/company\\\/stichting-nnvo\"]}]}<\/script>\n<!-- \/ Yoast SEO plugin. -->","yoast_head_json":{"title":"Winkelwagen - NNVO","robots":{"index":"index","follow":"follow","max-snippet":"max-snippet:-1","max-image-preview":"max-image-preview:large","max-video-preview":"max-video-preview:-1"},"canonical":"https:\/\/nnvo.nl\/en\/winkelwagen\/","og_locale":"en_GB","og_type":"article","og_title":"Winkelwagen - NNVO","og_description":"Afrekenen Factureringsgegevens Voornaam&nbsp;* Achternaam&nbsp;* Land\/regio&nbsp;*Selecteer een land\/regio&hellip;AfghanistanAland eilandenAlbani\u00ebAlgerijeAmerikaans-SamoaAndorraAngolaAnguillaAntarcticaAntigua en BarbudaArgentini\u00ebArmeni\u00ebArubaAustrali\u00ebAzerbeidzjanBahamasBahreinBangladeshBarbadosBelauBelgi\u00ebBelizeBeninBermudaBhutanBoeroendiBoliviaBonaire, Sint Eustatius en SabaBosni\u00eb en HerzegovinaBotswanaBouvetBrazili\u00ebBrits Indische OceaanterritoriumBruneiBulgarijeBurkina FasoCambodjaCanadaCentraal-Afrikaanse RepubliekChiliChinaChristmaseilandCocoseilandenColombiaComorenCongo-BrazzavilleCongo-KinshasaCookeilandenCosta RicaCubaCura\u00e7aoCyprusDenemarkenDjiboutiDominicaDominicaanse RepubliekDuitslandEcuadorEgypteEl SalvadorEquatoriaal-GuineaEritreaEstlandEswatiniEthiopi\u00ebFaer\u00f6erFalklandeilandenFijiFilippijnenFinlandFrankrijkFrans-GuyanaFrans-Polynesi\u00ebFranse Zuidelijke GebiedenGabonGambiaGeorgi\u00ebGhanaGibraltarGrenadaGriekenlandGroenlandGuadeloupeGuamGuatemalaGuernseyGuineaGuinee-BissauGuyanaHa\u00eftiHeard en McDonaldeilandenHondurasHongarijeHongkongIerlandIJslandIndiaIndonesi\u00ebIrakIranIsle of ManIsra\u00eblItali\u00ebIvoorkustJamaicaJapanJerseyJordani\u00ebKaaimaneilandenKaapverdi\u00ebKameroenKatarKazachstanKeniaKirgizi\u00ebKiribatiKoeweitKosovoKroati\u00ebLaosLesothoLetlandLibanonLiberiaLibi\u00ebLiechtensteinLitouwenLuxemburgMaagdeneilanden (Verenigd Koninkrijk)Maagdeneilanden (VS)MacaoMadagascarMalawiMaledivenMaleisi\u00ebMaliMaltaMarokkoMarshalleilandenMartiniqueMauritani\u00ebMauritiusMayotteMexicoMicronesi\u00ebMoldavi\u00ebMonacoMongoli\u00ebMontenegroMontserratMozambiqueMyanmarNamibi\u00ebNauruNederlandNepalNicaraguaNieuw-Caledoni\u00ebNieuw-ZeelandNigerNigeriaNiueNoord Macedoni\u00ebNoord-KoreaNoordelijke MarianenNoorwegenNorfolk IslandOegandaOekra\u00efneOezbekistanOmanOost-TimorOostenrijkPakistanPalestijnse GebiedenPanamaPapoea-Nieuw-GuineaParaguayPeruPitcairnPolenPortugalPuerto RicoR\u00e9unionRoemeni\u00ebRuslandRwandaSaint Kitts en NevisSaint LuciaSaint Vincent en de GrenadinesSaint-Pierre en MiquelonSalomonseilandenSamoaSan MarinoSao Tom&eacute; en PrincipeSaudi-Arabi\u00ebSenegalServi\u00ebSeychellenSierra LeoneSingaporeSint MaartenSint-BartholomeusSint-HelenaSint-Maarten (Frans deel)Sloveni\u00ebSlowakijeSoedanSomali\u00ebSpanjeSpitsbergen [&hellip;]","og_url":"https:\/\/nnvo.nl\/en\/winkelwagen\/","og_site_name":"NNVO","article_modified_time":"2025-11-19T10:36:47+00:00","og_image":[{"width":2426,"height":542,"url":"https:\/\/nnvo.nl\/wp-content\/uploads\/2025\/02\/nl-header-2.png","type":"image\/png"}],"twitter_card":"summary_large_image","twitter_misc":{"Estimated reading time":"1 minute"},"schema":{"@context":"https:\/\/schema.org","@graph":[{"@type":"WebPage","@id":"https:\/\/nnvo.nl\/winkelwagen\/","url":"https:\/\/nnvo.nl\/winkelwagen\/","name":"Winkelwagen - NNVO","isPartOf":{"@id":"https:\/\/nnvo.nl\/#website"},"primaryImageOfPage":{"@id":"https:\/\/nnvo.nl\/winkelwagen\/#primaryimage"},"image":{"@id":"https:\/\/nnvo.nl\/winkelwagen\/#primaryimage"},"thumbnailUrl":"https:\/\/nnvo.nl\/wp-content\/uploads\/2025\/02\/nl-header-2.png","datePublished":"2025-03-10T09:18:57+00:00","dateModified":"2025-11-19T10:36:47+00:00","breadcrumb":{"@id":"https:\/\/nnvo.nl\/winkelwagen\/#breadcrumb"},"inLanguage":"en-GB","potentialAction":[{"@type":"ReadAction","target":["https:\/\/nnvo.nl\/winkelwagen\/"]}]},{"@type":"ImageObject","inLanguage":"en-GB","@id":"https:\/\/nnvo.nl\/winkelwagen\/#primaryimage","url":"https:\/\/nnvo.nl\/wp-content\/uploads\/2025\/02\/nl-header-2.png","contentUrl":"https:\/\/nnvo.nl\/wp-content\/uploads\/2025\/02\/nl-header-2.png"},{"@type":"BreadcrumbList","@id":"https:\/\/nnvo.nl\/winkelwagen\/#breadcrumb","itemListElement":[{"@type":"ListItem","position":1,"name":"Home","item":"https:\/\/nnvo.nl\/"},{"@type":"ListItem","position":2,"name":"Winkelwagen"}]},{"@type":"WebSite","@id":"https:\/\/nnvo.nl\/#website","url":"https:\/\/nnvo.nl\/","name":"NNVO","description":"H\u00e9t opleidingscentrum voor de nautische sector.","publisher":{"@id":"https:\/\/nnvo.nl\/#organization"},"potentialAction":[{"@type":"SearchAction","target":{"@type":"EntryPoint","urlTemplate":"https:\/\/nnvo.nl\/?s={search_term_string}"},"query-input":{"@type":"PropertyValueSpecification","valueRequired":true,"valueName":"search_term_string"}}],"inLanguage":"en-GB"},{"@type":"Organization","@id":"https:\/\/nnvo.nl\/#organization","name":"NNVO","url":"https:\/\/nnvo.nl\/","logo":{"@type":"ImageObject","inLanguage":"en-GB","@id":"https:\/\/nnvo.nl\/#\/schema\/logo\/image\/","url":"https:\/\/nnvo.nl\/wp-content\/uploads\/2025\/03\/nnvo-logo-small.png","contentUrl":"https:\/\/nnvo.nl\/wp-content\/uploads\/2025\/03\/nnvo-logo-small.png","width":206,"height":73,"caption":"NNVO"},"image":{"@id":"https:\/\/nnvo.nl\/#\/schema\/logo\/image\/"},"sameAs":["https:\/\/www.linkedin.com\/company\/stichting-nnvo"]}]}},"_links":{"self":[{"href":"https:\/\/nnvo.nl\/en\/wp-json\/wp\/v2\/pages\/1208","targetHints":{"allow":["GET"]}}],"collection":[{"href":"https:\/\/nnvo.nl\/en\/wp-json\/wp\/v2\/pages"}],"about":[{"href":"https:\/\/nnvo.nl\/en\/wp-json\/wp\/v2\/types\/page"}],"author":[{"embeddable":true,"href":"https:\/\/nnvo.nl\/en\/wp-json\/wp\/v2\/users\/1"}],"replies":[{"embeddable":true,"href":"https:\/\/nnvo.nl\/en\/wp-json\/wp\/v2\/comments?post=1208"}],"version-history":[{"count":18,"href":"https:\/\/nnvo.nl\/en\/wp-json\/wp\/v2\/pages\/1208\/revisions"}],"predecessor-version":[{"id":2643,"href":"https:\/\/nnvo.nl\/en\/wp-json\/wp\/v2\/pages\/1208\/revisions\/2643"}],"wp:attachment":[{"href":"https:\/\/nnvo.nl\/en\/wp-json\/wp\/v2\/media?parent=1208"}],"curies":[{"name":"wp","href":"https:\/\/api.w.org\/{rel}","templated":true}]}}